{"id":3,"date":"2025-06-03T17:54:38","date_gmt":"2025-06-03T17:54:38","guid":{"rendered":"https:\/\/projects.veit.hr\/poliklinika\/?page_id=3"},"modified":"2026-04-09T11:07:30","modified_gmt":"2026-04-09T11:07:30","slug":"pravila-privatnosti","status":"publish","type":"page","link":"https:\/\/projects.veit.hr\/poliklinika\/pravila-privatnosti\/","title":{"rendered":"Pravila privatnosti"},"content":{"rendered":"\r\n<p class=\"p1\">Va\u0161a privatnost nam je va\u017ena. Ova pravila privatnosti obja\u0161njavaju kako prikupljamo, koristimo i \u0161titimo va\u0161e osobne podatke kada posjetite na\u0161u web stranicu.<\/p>\r\n<p class=\"p1\"><b>1. Tko smo mi?<\/b><\/p>\r\n<p class=\"p1\">Mi smo Centar dr. Horenec Fumi\u0107 a uz medicinske usluge, na\u0161 centar nudi i vrhunske estetske tretmane pod stru\u010dnim medicinskim nadzorom. Na\u0161u web stranicu mo\u017eete prona\u0107i na: <a href=\"http:\/\/www.chf.hr\">www.chf.hr<\/a><\/p>\r\n<p class=\"p1\"><b>2. Koje podatke prikupljamo?<\/b><\/p>\r\n<p class=\"p1\">Mo\u017eemo prikupljati sljede\u0107e vrste osobnih podataka:<\/p>\r\n<ul class=\"ul1\">\r\n<li class=\"li1\">Ime i prezime<\/li>\r\n<li class=\"li1\">E-mail adresa<\/li>\r\n<li class=\"li1\">Broj telefona<\/li>\r\n<li class=\"li1\">Adresa (ako je navedena u komunikaciji)<\/li>\r\n<li class=\"li1\">IP adresa<\/li>\r\n<li class=\"li1\">Podaci o va\u0161em kori\u0161tenju na\u0161e web stranice (putem kola\u010di\u0107a)<\/li>\r\n<\/ul>\r\n<p class=\"p1\"><b>3. Kako prikupljamo podatke?<\/b><\/p>\r\n<p class=\"p1\">Va\u0161e podatke prikupljamo:<\/p>\r\n<ul class=\"ul1\">\r\n<li class=\"li1\">Kada ispunite kontakt obrazac<\/li>\r\n<li class=\"li1\">Kada nas kontaktirate putem e-maila ili telefona<\/li>\r\n<li class=\"li1\">Kori\u0161tenjem kola\u010di\u0107a (cookies) i alata za analitiku (npr. Google Analytics)<\/li>\r\n<\/ul>\r\n<p class=\"p1\"><b>4. Kako koristimo va\u0161e podatke?<\/b><\/p>\r\n<p class=\"p1\">Va\u0161e podatke koristimo kako bismo:<\/p>\r\n<ul class=\"ul1\">\r\n<li class=\"li1\">Odgovorili na va\u0161e upite i zahtjeve<\/li>\r\n<li class=\"li1\">Poslali ponude i informacije o na\u0161im uslugama<\/li>\r\n<li class=\"li1\">Unaprijedili korisni\u010dko iskustvo na web stranici<\/li>\r\n<li class=\"li1\">Analizirali promet i pobolj\u0161ali na\u0161 sadr\u017eaj<\/li>\r\n<\/ul>\r\n<p class=\"p1\"><b>5. Pravna osnova za obradu podataka<\/b><\/p>\r\n<p class=\"p1\">Osobne podatke obra\u0111ujemo temeljem:<\/p>\r\n<ul class=\"ul1\">\r\n<li class=\"li1\">Va\u0161e privole (npr. kod slanja poruka)<\/li>\r\n<li class=\"li1\">Legitimnog interesa (npr. za unapre\u0111enje usluga)<\/li>\r\n<li class=\"li1\">Ugovornih obveza (npr. kod izrade ponude)<\/li>\r\n<\/ul>\r\n<p class=\"p1\"><b>6. Dijelimo li va\u0161e podatke?<\/b><\/p>\r\n<p class=\"p1\">Ne prodajemo, iznajmljujemo niti dijelimo va\u0161e osobne podatke tre\u0107im stranama, osim:<\/p>\r\n<ul class=\"ul1\">\r\n<li class=\"li1\">ako to nala\u017ee zakon,<\/li>\r\n<li class=\"li1\">ako je to nu\u017eno za izvr\u0161enje ugovora (npr. partnerima u izvedbi projekata),<\/li>\r\n<li class=\"li1\">ili ako za to imamo va\u0161u izri\u010ditu suglasnost.<\/li>\r\n<\/ul>\r\n<p class=\"p1\"><b>7. Koliko dugo \u010duvamo podatke?<\/b><\/p>\r\n<p class=\"p1\">Va\u0161e podatke \u010duvamo onoliko dugo koliko je potrebno za svrhe u koje su prikupljeni ili dok ne povu\u010dete svoju suglasnost, u skladu s va\u017ee\u0107im zakonima.<\/p>\r\n<p class=\"p1\"><b>8. Va\u0161a prava<\/b><\/p>\r\n<p class=\"p1\">Prema Op\u0107oj uredbi o za\u0161titi podataka (GDPR), imate pravo na:<\/p>\r\n<ul class=\"ul1\">\r\n<li class=\"li1\">pristup svojim podacima<\/li>\r\n<li class=\"li1\">ispravak neto\u010dnih podataka<\/li>\r\n<li class=\"li1\">brisanje podataka (\u201epravo na zaborav\u201c)<\/li>\r\n<li class=\"li1\">ograni\u010denje obrade<\/li>\r\n<li class=\"li1\">prenosivost podataka<\/li>\r\n<li class=\"li1\">prigovor na obradu<\/li>\r\n<\/ul>\r\n<p class=\"p1\">Za ostvarivanje bilo kojeg od ovih prava, kontaktirajte nas putem e-maila: autocentarmms@gmail.com.<\/p>\r\n<p class=\"p1\"><b>9. Kola\u010di\u0107i (Cookies)<\/b><\/p>\r\n<p class=\"p1\"><b>\u0160to su kola\u010di\u0107i?<\/b><\/p>\r\n<p class=\"p1\">Kola\u010di\u0107i (engl.\u00a0<i>cookies<\/i>) su male tekstualne datoteke koje web stranice pohranjuju na va\u0161 ure\u0111aj kada ih posjetite. Kola\u010di\u0107i omogu\u0107uju web stranici da \u201czapamti\u201d va\u0161e radnje i postavke (poput prijave, jezika, veli\u010dine fonta i drugih prikaznih preferencija) tijekom odre\u0111enog razdoblja, \u010dime se pobolj\u0161ava korisni\u010dko iskustvo.<\/p>\r\n<p class=\"p1\"><b>Kako koristimo kola\u010di\u0107e?<\/b><\/p>\r\n<p class=\"p1\">Na\u0161a web stranica koristi kola\u010di\u0107e u sljede\u0107e svrhe:<\/p>\r\n<ul class=\"ul1\">\r\n<li class=\"li1\"><b>Osnovni (nu\u017eni) kola\u010di\u0107i<\/b>\u00a0\u2013 omogu\u0107uju osnovne funkcionalnosti web stranice, poput navigacije i pristupa sigurnim dijelovima stranice. Bez ovih kola\u010di\u0107a, web stranica ne mo\u017ee ispravno funkcionirati.<\/li>\r\n<li class=\"li1\"><b>Analiti\u010dki kola\u010di\u0107i<\/b>\u00a0\u2013 prikupljaju informacije o tome kako posjetitelji koriste web stranicu (npr. koje stranice naj\u010de\u0161\u0107e posje\u0107uju), \u0161to nam poma\u017ee u optimizaciji sadr\u017eaja i korisni\u010dkog iskustva.<\/li>\r\n<li class=\"li1\"><b>Funkcionalni kola\u010di\u0107i<\/b>\u00a0\u2013 omogu\u0107uju web stranici da zapamti va\u0161e izbore (poput jezika ili regije) te pru\u017eaju pobolj\u0161ane i personalizirane zna\u010dajke.<\/li>\r\n<li class=\"li1\"><b>Marketin\u0161ki kola\u010di\u0107i<\/b>\u00a0\u2013 koriste se za pra\u0107enje posjetitelja kroz web stranice s ciljem prikazivanja relevantnih oglasa i sadr\u017eaja.<\/li>\r\n<\/ul>\r\n<p class=\"p1\"><b>Kola\u010di\u0107i tre\u0107ih strana<\/b><\/p>\r\n<p class=\"p1\">Mo\u017eemo koristiti alate i usluge tre\u0107ih strana, kao \u0161to su Google Analytics, koji tako\u0111er koriste kola\u010di\u0107e kako bi analizirali pona\u0161anje korisnika. Ti kola\u010di\u0107i podlije\u017eu pravilima privatnosti tih tre\u0107ih strana, a ne isklju\u010divo na\u0161oj politici.<\/p>\r\n<p class=\"p1\"><b>Kako upravljati kola\u010di\u0107ima?<\/b><\/p>\r\n<p class=\"p1\">Mo\u017eete kontrolirati i\/ili izbrisati kola\u010di\u0107e prema vlastitoj \u017eelji. Detaljne informacije dostupne su na\u00a0<a href=\"https:\/\/www.aboutcookies.org\/\">www.aboutcookies.org<\/a>.<\/p>\r\n<p class=\"p1\">Mo\u017eete izbrisati sve kola\u010di\u0107e koji su ve\u0107 pohranjeni na va\u0161em ure\u0111aju, a ve\u0107ina preglednika omogu\u0107uje i blokiranje njihova pohranjivanja. Me\u0111utim, ako to u\u010dinite, mo\u017eda \u0107ete morati ru\u010dno prilago\u0111avati neke postavke svaki put kad posjetite web stranicu, a neke funkcionalnosti mo\u017eda ne\u0107e biti dostupne.<\/p>\r\n<p class=\"p1\"><b>Suglasnost za kori\u0161tenje kola\u010di\u0107a<\/b><\/p>\r\n<p class=\"p1\">Kori\u0161tenjem ove web stranice pristajete na kori\u0161tenje kola\u010di\u0107a u skladu s ovom Politikom kola\u010di\u0107a. Prilikom prvog posjeta web stranici prikazat \u0107e vam se obavijest s mogu\u0107no\u0161\u0107u prihva\u0107anja ili odbijanja neesencijalnih kola\u010di\u0107a.<\/p>\r\n<p class=\"p1\"><b>10. Sigurnost podataka<\/b><\/p>\r\n<p class=\"p1\">Koristimo odgovaraju\u0107e tehni\u010dke i organizacijske mjere kako bismo za\u0161titili va\u0161e osobne podatke od neovla\u0161tenog pristupa, izmjene, gubitka ili uni\u0161tenja.<\/p>\r\n<p class=\"p1\"><b>11. Promjene u pravilima privatnosti<\/b><\/p>\r\n<p class=\"p1\">Zadr\u017eavamo pravo izmjene ovih Pravila privatnosti. Sve promjene bit \u0107e objavljene na ovoj stranici s a\u017euriranim datumom.<\/p>\r\n<p class=\"p1\"><b>12. Kontakt<\/b><\/p>\r\n<p class=\"p1\">Za sve upite vezane uz za\u0161titu podataka kontaktirajte nas na:<\/p>\r\n<p class=\"p1\"><b>AUTO CENTAR MMS<\/b><b><\/b><\/p>\r\n<p class=\"p1\">E-mail: <a href=\"mailto:centarhorenecfumic@gmail.com\">centarhorenecfumic@gmail.com<\/a><\/p>\r\n<p class=\"p1\">Web:\u00a0<a href=\"http:\/\/www.chf.hr\">www.chf.hr<\/a><\/p>","protected":false},"excerpt":{"rendered":"<p>Va\u0161a privatnost nam je va\u017ena. Ova pravila privatnosti obja\u0161njavaju kako prikupljamo, koristimo i \u0161titimo va\u0161e osobne podatke kada posjetite na\u0161u web stranicu. 1. Tko smo mi? Mi smo Centar dr. Horenec Fumi\u0107 a uz medicinske usluge, na\u0161 centar nudi i vrhunske estetske tretmane pod stru\u010dnim medicinskim nadzorom. Na\u0161u web stranicu mo\u017eete prona\u0107i na: www.chf.hr 2. [&hellip;]<\/p>\n","protected":false},"author":1,"featured_media":0,"parent":0,"menu_order":0,"comment_status":"closed","ping_status":"open","template":"tpl-privacy.php","meta":{"footnotes":""},"class_list":["post-3","page","type-page","status-publish","hentry"],"acf":[],"yoast_head":"<!-- This site is optimized with the Yoast SEO plugin v25.7 - https:\/\/yoast.com\/wordpress\/plugins\/seo\/ -->\n<title>Pravila privatnosti - Poliklinika<\/title>\n<meta name=\"robots\" content=\"noindex, follow, max-snippet:-1, max-image-preview:large, max-video-preview:-1\" \/>\n<meta property=\"og:locale\" content=\"en_US\" \/>\n<meta property=\"og:type\" content=\"article\" \/>\n<meta property=\"og:title\" content=\"Pravila privatnosti - Poliklinika\" \/>\n<meta property=\"og:description\" content=\"Va\u0161a privatnost nam je va\u017ena. Ova pravila privatnosti obja\u0161njavaju kako prikupljamo, koristimo i \u0161titimo va\u0161e osobne podatke kada posjetite na\u0161u web stranicu. 1. Tko smo mi? Mi smo Centar dr. Horenec Fumi\u0107 a uz medicinske usluge, na\u0161 centar nudi i vrhunske estetske tretmane pod stru\u010dnim medicinskim nadzorom. Na\u0161u web stranicu mo\u017eete prona\u0107i na: www.chf.hr 2. [&hellip;]\" \/>\n<meta property=\"og:url\" content=\"https:\/\/projects.veit.hr\/poliklinika\/pravila-privatnosti\/\" \/>\n<meta property=\"og:site_name\" content=\"Poliklinika\" \/>\n<meta property=\"article:modified_time\" content=\"2026-04-09T11:07:30+00:00\" \/>\n<meta name=\"twitter:card\" content=\"summary_large_image\" \/>\n<meta name=\"twitter:label1\" content=\"Est. reading time\" \/>\n\t<meta name=\"twitter:data1\" content=\"3 minutes\" \/>\n<script type=\"application\/ld+json\" class=\"yoast-schema-graph\">{\"@context\":\"https:\/\/schema.org\",\"@graph\":[{\"@type\":\"WebPage\",\"@id\":\"https:\/\/projects.veit.hr\/poliklinika\/pravila-privatnosti\/\",\"url\":\"https:\/\/projects.veit.hr\/poliklinika\/pravila-privatnosti\/\",\"name\":\"Pravila privatnosti - Poliklinika\",\"isPartOf\":{\"@id\":\"https:\/\/projects.veit.hr\/poliklinika\/#website\"},\"datePublished\":\"2025-06-03T17:54:38+00:00\",\"dateModified\":\"2026-04-09T11:07:30+00:00\",\"breadcrumb\":{\"@id\":\"https:\/\/projects.veit.hr\/poliklinika\/pravila-privatnosti\/#breadcrumb\"},\"inLanguage\":\"en-US\",\"potentialAction\":[{\"@type\":\"ReadAction\",\"target\":[\"https:\/\/projects.veit.hr\/poliklinika\/pravila-privatnosti\/\"]}]},{\"@type\":\"BreadcrumbList\",\"@id\":\"https:\/\/projects.veit.hr\/poliklinika\/pravila-privatnosti\/#breadcrumb\",\"itemListElement\":[{\"@type\":\"ListItem\",\"position\":1,\"name\":\"Home\",\"item\":\"https:\/\/projects.veit.hr\/poliklinika\/\"},{\"@type\":\"ListItem\",\"position\":2,\"name\":\"Pravila privatnosti\"}]},{\"@type\":\"WebSite\",\"@id\":\"https:\/\/projects.veit.hr\/poliklinika\/#website\",\"url\":\"https:\/\/projects.veit.hr\/poliklinika\/\",\"name\":\"Poliklinika\",\"description\":\"\",\"potentialAction\":[{\"@type\":\"SearchAction\",\"target\":{\"@type\":\"EntryPoint\",\"urlTemplate\":\"https:\/\/projects.veit.hr\/poliklinika\/?s={search_term_string}\"},\"query-input\":{\"@type\":\"PropertyValueSpecification\",\"valueRequired\":true,\"valueName\":\"search_term_string\"}}],\"inLanguage\":\"en-US\"}]}<\/script>\n<!-- \/ Yoast SEO plugin. -->","yoast_head_json":{"title":"Pravila privatnosti - Poliklinika","robots":{"index":"noindex","follow":"follow","max-snippet":"max-snippet:-1","max-image-preview":"max-image-preview:large","max-video-preview":"max-video-preview:-1"},"og_locale":"en_US","og_type":"article","og_title":"Pravila privatnosti - Poliklinika","og_description":"Va\u0161a privatnost nam je va\u017ena. Ova pravila privatnosti obja\u0161njavaju kako prikupljamo, koristimo i \u0161titimo va\u0161e osobne podatke kada posjetite na\u0161u web stranicu. 1. Tko smo mi? Mi smo Centar dr. Horenec Fumi\u0107 a uz medicinske usluge, na\u0161 centar nudi i vrhunske estetske tretmane pod stru\u010dnim medicinskim nadzorom. Na\u0161u web stranicu mo\u017eete prona\u0107i na: www.chf.hr 2. [&hellip;]","og_url":"https:\/\/projects.veit.hr\/poliklinika\/pravila-privatnosti\/","og_site_name":"Poliklinika","article_modified_time":"2026-04-09T11:07:30+00:00","twitter_card":"summary_large_image","twitter_misc":{"Est. reading time":"3 minutes"},"schema":{"@context":"https:\/\/schema.org","@graph":[{"@type":"WebPage","@id":"https:\/\/projects.veit.hr\/poliklinika\/pravila-privatnosti\/","url":"https:\/\/projects.veit.hr\/poliklinika\/pravila-privatnosti\/","name":"Pravila privatnosti - Poliklinika","isPartOf":{"@id":"https:\/\/projects.veit.hr\/poliklinika\/#website"},"datePublished":"2025-06-03T17:54:38+00:00","dateModified":"2026-04-09T11:07:30+00:00","breadcrumb":{"@id":"https:\/\/projects.veit.hr\/poliklinika\/pravila-privatnosti\/#breadcrumb"},"inLanguage":"en-US","potentialAction":[{"@type":"ReadAction","target":["https:\/\/projects.veit.hr\/poliklinika\/pravila-privatnosti\/"]}]},{"@type":"BreadcrumbList","@id":"https:\/\/projects.veit.hr\/poliklinika\/pravila-privatnosti\/#breadcrumb","itemListElement":[{"@type":"ListItem","position":1,"name":"Home","item":"https:\/\/projects.veit.hr\/poliklinika\/"},{"@type":"ListItem","position":2,"name":"Pravila privatnosti"}]},{"@type":"WebSite","@id":"https:\/\/projects.veit.hr\/poliklinika\/#website","url":"https:\/\/projects.veit.hr\/poliklinika\/","name":"Poliklinika","description":"","potentialAction":[{"@type":"SearchAction","target":{"@type":"EntryPoint","urlTemplate":"https:\/\/projects.veit.hr\/poliklinika\/?s={search_term_string}"},"query-input":{"@type":"PropertyValueSpecification","valueRequired":true,"valueName":"search_term_string"}}],"inLanguage":"en-US"}]}},"_links":{"self":[{"href":"https:\/\/projects.veit.hr\/poliklinika\/wp-json\/wp\/v2\/pages\/3","targetHints":{"allow":["GET"]}}],"collection":[{"href":"https:\/\/projects.veit.hr\/poliklinika\/wp-json\/wp\/v2\/pages"}],"about":[{"href":"https:\/\/projects.veit.hr\/poliklinika\/wp-json\/wp\/v2\/types\/page"}],"author":[{"embeddable":true,"href":"https:\/\/projects.veit.hr\/poliklinika\/wp-json\/wp\/v2\/users\/1"}],"replies":[{"embeddable":true,"href":"https:\/\/projects.veit.hr\/poliklinika\/wp-json\/wp\/v2\/comments?post=3"}],"version-history":[{"count":4,"href":"https:\/\/projects.veit.hr\/poliklinika\/wp-json\/wp\/v2\/pages\/3\/revisions"}],"predecessor-version":[{"id":459,"href":"https:\/\/projects.veit.hr\/poliklinika\/wp-json\/wp\/v2\/pages\/3\/revisions\/459"}],"wp:attachment":[{"href":"https:\/\/projects.veit.hr\/poliklinika\/wp-json\/wp\/v2\/media?parent=3"}],"curies":[{"name":"wp","href":"https:\/\/api.w.org\/{rel}","templated":true}]}}